{"id":13713,"date":"2021-01-05T18:51:35","date_gmt":"2021-01-05T18:51:35","guid":{"rendered":"https:\/\/servadi.com\/web\/?page_id=13713"},"modified":"2023-07-26T19:19:41","modified_gmt":"2023-07-26T19:19:41","slug":"trabaje-con-nosotros","status":"publish","type":"page","link":"https:\/\/servadi.com\/web\/contactenos\/trabaje-con-nosotros\/","title":{"rendered":"Trabaje con nosotros"},"content":{"rendered":"<p>[vc_row pix_particles_check=\u00bb\u00bb][vc_column css=\u00bb.vc_custom_1609870208050{background-color: #eaeaea !important;}\u00bb]<div  class=\"text-center  vc_custom_1609872753802\"><div><div class=\"slide-in-container\"><h2 class=\"text-primary font-weight-bold el-title_custom_color mb-1\" style=\"\" data-anim-type=\"\" data-anim-delay=\"0\">Trabaje con nosotros<\/h2><\/div><\/div><\/div><div class=\"slide-in-container w-100 text-center  vc_custom_1609876903697\" ><p class=\"text-20  text-secondary text-center font-weight-bold\" >Haz parte de Servadi, env\u00edanos tu HV.<\/p><\/div>\n<div class=\"wpcf7 no-js\" id=\"wpcf7-f13712-o1\" lang=\"es-ES\" dir=\"ltr\" data-wpcf7-id=\"13712\">\n<div class=\"screen-reader-response\"><p role=\"status\" aria-live=\"polite\" aria-atomic=\"true\"><\/p> <ul><\/ul><\/div>\n<form action=\"\/web\/wp-json\/wp\/v2\/pages\/13713#wpcf7-f13712-o1\" method=\"post\" class=\"wpcf7-form init\" aria-label=\"Formulario de contacto\" enctype=\"multipart\/form-data\" novalidate=\"novalidate\" data-status=\"init\">\n<fieldset class=\"hidden-fields-container\"><input type=\"hidden\" name=\"_wpcf7\" value=\"13712\" \/><input type=\"hidden\" name=\"_wpcf7_version\" value=\"6.1.5\" \/><input type=\"hidden\" name=\"_wpcf7_locale\" value=\"es_ES\" \/><input type=\"hidden\" name=\"_wpcf7_unit_tag\" value=\"wpcf7-f13712-o1\" \/><input type=\"hidden\" name=\"_wpcf7_container_post\" value=\"0\" \/><input type=\"hidden\" name=\"_wpcf7_posted_data_hash\" value=\"\" \/>\n<\/fieldset>\n<div class=\"pix-contact7-form\"><div id=\"responsive-form\" class=\"clearfix\">\n\t<div class=\"form-row\">\n\t\t<div class=\"column-half\">\n\t\t\t<p>Nombre <span class=\"wpcf7-form-control-wrap\" data-name=\"first-name\"><input size=\"40\" maxlength=\"400\" class=\"wpcf7-form-control wpcf7-text wpcf7-validates-as-required\" aria-required=\"true\" aria-invalid=\"false\" value=\"\" type=\"text\" name=\"first-name\" \/><\/span>\n\t\t\t<\/p>\n\t\t<\/div>\n\t\t<div class=\"column-half\">\n\t\t\t<p>Apellido <span class=\"wpcf7-form-control-wrap\" data-name=\"last-name\"><input size=\"40\" maxlength=\"400\" class=\"wpcf7-form-control wpcf7-text wpcf7-validates-as-required\" aria-required=\"true\" aria-invalid=\"false\" value=\"\" type=\"text\" name=\"last-name\" \/><\/span>\n\t\t\t<\/p>\n\t\t<\/div>\n\t<\/div>\n\t<div class=\"form-row\">\n\t\t<div class=\"column-half\">\n\t\t\t<p>Tipo de Documento<span class=\"wpcf7-form-control-wrap\" data-name=\"menu-650\"><select class=\"wpcf7-form-control wpcf7-select wpcf7-validates-as-required\" aria-required=\"true\" aria-invalid=\"false\" name=\"menu-650\"><option value=\"\"><\/option><option value=\"Cedula de ciudadan\u00eda\">Cedula de ciudadan\u00eda<\/option><option value=\"C\u00e9dula de extranjeria\">C\u00e9dula de extranjeria<\/option><\/select><\/span>\n\t\t\t<\/p>\n\t\t<\/div>\n\t\t<div class=\"column-half\">\n\t\t\t<p>N\u00famero de Documento <span class=\"wpcf7-form-control-wrap\" data-name=\"tu-documento\"><input size=\"40\" maxlength=\"400\" class=\"wpcf7-form-control wpcf7-text wpcf7-validates-as-required\" aria-required=\"true\" aria-invalid=\"false\" value=\"\" type=\"text\" name=\"tu-documento\" \/><\/span>\n\t\t\t<\/p>\n\t\t<\/div>\n\t<\/div>\n\t<div class=\"form-row\">\n\t\t<div class=\"column-half\">\n\t\t\t<p>Email <span class=\"wpcf7-form-control-wrap\" data-name=\"your-email\"><input size=\"40\" maxlength=\"400\" class=\"wpcf7-form-control wpcf7-email wpcf7-validates-as-required wpcf7-text wpcf7-validates-as-email\" aria-required=\"true\" aria-invalid=\"false\" value=\"\" type=\"email\" name=\"your-email\" \/><\/span>\n\t\t\t<\/p>\n\t\t<\/div>\n\t\t<div class=\"column-half\">\n\t\t\t<p>T\u00e9lefono <span class=\"wpcf7-form-control-wrap\" data-name=\"your-phone\"><input size=\"40\" maxlength=\"400\" class=\"wpcf7-form-control wpcf7-text wpcf7-validates-as-required\" aria-required=\"true\" aria-invalid=\"false\" value=\"\" type=\"text\" name=\"your-phone\" \/><\/span>\n\t\t\t<\/p>\n\t\t<\/div>\n\t<\/div>\n\t<div class=\"form-row\">\n\t\t<div class=\"column-half\">\n\t\t\t<p>Formaci\u00f3n Acad\u00e9mica<span class=\"wpcf7-form-control-wrap\" data-name=\"forma-acade\"><input size=\"40\" maxlength=\"400\" class=\"wpcf7-form-control wpcf7-text wpcf7-validates-as-required\" aria-required=\"true\" aria-invalid=\"false\" value=\"\" type=\"text\" name=\"forma-acade\" \/><\/span>\n\t\t\t<\/p>\n\t\t<\/div>\n\t\t<div class=\"column-half\">\n\t\t\t<p>Ciudad de Residencia<span class=\"wpcf7-form-control-wrap\" data-name=\"your-city\"><input size=\"40\" maxlength=\"400\" class=\"wpcf7-form-control wpcf7-text wpcf7-validates-as-required\" aria-required=\"true\" aria-invalid=\"false\" value=\"\" type=\"text\" name=\"your-city\" \/><\/span>\n\t\t\t<\/p>\n\t\t<\/div>\n\t<\/div>\n\t<div class=\"form-row\">\n\t\t<div class=\"column-full\">\n\t\t\t<p>Asunto <span class=\"wpcf7-form-control-wrap\" data-name=\"your-subject\"><input size=\"40\" maxlength=\"400\" class=\"wpcf7-form-control wpcf7-text wpcf7-validates-as-required\" aria-required=\"true\" aria-invalid=\"false\" value=\"\" type=\"text\" name=\"your-subject\" \/><\/span>\n\t\t\t<\/p>\n\t\t<\/div>\n\t<\/div>\n\t<div class=\"form-row\">\n\t\t<div class=\"column-full\">\n\t\t\t<p>Mensaje <span class=\"wpcf7-form-control-wrap\" data-name=\"your-message\"><textarea cols=\"40\" rows=\"10\" maxlength=\"2000\" class=\"wpcf7-form-control wpcf7-textarea wpcf7-validates-as-required\" aria-required=\"true\" aria-invalid=\"false\" name=\"your-message\"><\/textarea><\/span>\n\t\t\t<\/p>\n\t\t<\/div>\n\t<\/div>\n\t<div class=\"form-row\">\n\t\t<div class=\"column-full hv\">\n\t\t\t<p>Adjunta tu hoja de vida\n\t\t\t<\/p>\n\t\t<\/div>\n\t\t<div class=\"column-full\">\n\t\t\t<p><span class=\"wpcf7-form-control-wrap\" data-name=\"file-613\"><input size=\"40\" class=\"wpcf7-form-control wpcf7-file wpcf7-validates-as-required\" accept=\".pdf\" aria-required=\"true\" aria-invalid=\"false\" type=\"file\" name=\"file-613\" \/><\/span>\n\t\t\t<\/p>\n\t\t<\/div>\n\t<\/div>\n\t<div class=\"form-row\">\n\t\t<div class=\"column-full politica\">\n\t\t\t<p>Por medio del presente manifiesto que he sido informado por La Sociedad AGENCIA DE ADUANAS SERVICIOS ADUANEROS INTEGRADOS S.A.S. NIVEL 1 \u2013 AGENCIA DE ADUANAS SERVADI S.A.S NIVEL 1 de que la Compa\u00f1\u00eda actuar\u00e1 como Responsable del Tratamiento de datos personales de los cuales soy titular y que, conjunta o separadamente podr\u00e1 recolectar, usar y tratar mis datos personales conforme la Pol\u00edtica de Tratamiento de Datos Personales de las Compa\u00f1\u00eda disponible aqu\u00ed. Igualmente, comprendo que la Compa\u00f1\u00eda garantiza la confidencialidad, libertad, seguridad, veracidad, transparencia, acceso y circulaci\u00f3n restringida de mis datos y se reserva el derecho de modificar su Pol\u00edtica de Tratamiento de Datos Personales en cualquier momento. Cualquier cambio ser\u00e1 informado y publicado oportunamente en la p\u00e1gina web. Teniendo en cuenta lo anterior, autorizo de manera voluntaria, previa, expl\u00edcita, informada e inequ\u00edvoca a la Compa\u00f1\u00eda para tratar mis datos personales de acuerdo con la Pol\u00edtica de Tratamiento de Datos Personales de la Compa\u00f1\u00eda y para los fines relacionados con su objeto social y en especial para fines legales, contractuales, comerciales, mercadeo descritos en la Pol\u00edtica de Tratamiento de Datos Personales de la Compa\u00f1\u00eda. La informaci\u00f3n obtenida para el Tratamiento de mis datos personales la he suministrado de forma voluntaria y es ver\u00eddica.\n\t\t\t<\/p>\n\t\t<\/div>\n\t\t<div class=\"form-row\">\n\t\t\t<div class=\"column-full\">\n\t\t\t\t<p><span class=\"wpcf7-form-control-wrap\" data-name=\"acceptance-75\"><span class=\"wpcf7-form-control wpcf7-acceptance\"><span class=\"wpcf7-list-item\"><input type=\"checkbox\" name=\"acceptance-75\" value=\"1\" aria-invalid=\"false\" \/><\/span><\/span><\/span> He le\u00eddo y acepto los t\u00e9rminos y condiciones\n\t\t\t\t<\/p>\n\t\t\t<\/div>\n\t\t<\/div>\n\t\t<div class=\"form-row\">\n\t\t\t<div class=\"column-full\">\n\t\t\t\t<p><input class=\"wpcf7-form-control wpcf7-submit has-spinner\" type=\"submit\" value=\"Enviar\" \/>\n\t\t\t\t<\/p>\n\t\t\t<\/div>\n\t\t<\/div>\n\t<\/div>\n\n<!--end responsive-form-->\n<\/div><\/div><div class=\"wpcf7-response-output\" aria-hidden=\"true\"><\/div>\n<\/form>\n<\/div>\n[\/vc_column][\/vc_row]<\/p>\r\n","protected":false},"excerpt":{"rendered":"[vc_row pix_particles_check=\u00bb\u00bb][vc_column css=\u00bb.vc_custom_1609870208050{background-color: #eaeaea !important;}\u00bb][\/vc_column][\/vc_row]","protected":false},"author":1,"featured_media":0,"parent":13418,"menu_order":0,"comment_status":"closed","ping_status":"closed","template":"","meta":{"footnotes":""},"class_list":["post-13713","page","type-page","status-publish","hentry"],"_links":{"self":[{"href":"https:\/\/servadi.com\/web\/wp-json\/wp\/v2\/pages\/13713","targetHints":{"allow":["GET"]}}],"collection":[{"href":"https:\/\/servadi.com\/web\/wp-json\/wp\/v2\/pages"}],"about":[{"href":"https:\/\/servadi.com\/web\/wp-json\/wp\/v2\/types\/page"}],"author":[{"embeddable":true,"href":"https:\/\/servadi.com\/web\/wp-json\/wp\/v2\/users\/1"}],"replies":[{"embeddable":true,"href":"https:\/\/servadi.com\/web\/wp-json\/wp\/v2\/comments?post=13713"}],"version-history":[{"count":5,"href":"https:\/\/servadi.com\/web\/wp-json\/wp\/v2\/pages\/13713\/revisions"}],"predecessor-version":[{"id":14201,"href":"https:\/\/servadi.com\/web\/wp-json\/wp\/v2\/pages\/13713\/revisions\/14201"}],"up":[{"embeddable":true,"href":"https:\/\/servadi.com\/web\/wp-json\/wp\/v2\/pages\/13418"}],"wp:attachment":[{"href":"https:\/\/servadi.com\/web\/wp-json\/wp\/v2\/media?parent=13713"}],"curies":[{"name":"wp","href":"https:\/\/api.w.org\/{rel}","templated":true}]}}